{"id":5712,"date":"2024-11-26T13:07:03","date_gmt":"2024-11-26T13:07:03","guid":{"rendered":"https:\/\/arkadia.cat\/?page_id=5712"},"modified":"2024-12-04T08:36:49","modified_gmt":"2024-12-04T08:36:49","slug":"politica-de-accesibilidad","status":"publish","type":"page","link":"https:\/\/arkadia.cat\/es\/politica-de-accesibilidad\/","title":{"rendered":"Pol\u00edtica de accesibilidad"},"content":{"rendered":"\t\t<div data-elementor-type=\"wp-page\" data-elementor-id=\"5712\" class=\"elementor elementor-5712\" data-elementor-post-type=\"page\">\n\t\t\t\t\t\t<section class=\"elementor-section elementor-top-section elementor-element elementor-element-54e5c60 elementor-section-boxed elementor-section-height-default elementor-section-height-default\" data-id=\"54e5c60\" data-element_type=\"section\">\n\t\t\t\t\t\t<div class=\"elementor-container elementor-column-gap-default\">\n\t\t\t\t\t<div class=\"elementor-column elementor-col-100 elementor-top-column elementor-element elementor-element-65563e3\" data-id=\"65563e3\" data-element_type=\"column\">\n\t\t\t<div class=\"elementor-widget-wrap elementor-element-populated\">\n\t\t\t\t\t\t<div class=\"elementor-element elementor-element-cef1944 elementor-widget elementor-widget-text-editor\" data-id=\"cef1944\" data-element_type=\"widget\" data-widget_type=\"text-editor.default\">\n\t\t\t\t<div class=\"elementor-widget-container\">\n\t\t\t\t\t\t\t\t\t<h1>Pol\u00edtica de accesibilidad<\/h1>\n<p>La empresa <b>Arkadia<\/b>&nbsp;se ha comprometido a hacer accesible su sitio web de conformidad con el Real Decreto 1112\/2018, de 7 de septiembre, sobre accesibilidad de los sitios web y aplicaciones para dispositivos m\u00f3viles del sector p\u00fablico, o desarrollos financiados desde Europa.<\/p>\n<p>La presente declaraci\u00f3n de accesibilidad se aplica al sitio web&nbsp;<a href=\"https:\/\/www.arkadia.cat\/\">https:\/\/www.arkadia.cat\/<\/a>&nbsp;<span style=\"color: #ff0000;\"><strong>&nbsp;<\/strong><\/span>excluyendo los contenidos incrustados provenientes de otros dominios.<\/p>\n<p><strong>Situaci\u00f3n de cumplimiento<\/strong><br>\nEste sitio web es Parcialmente conforme con el RD 1112\/2018 debido a la falta de conformidad de los aspectos que se indican a continuaci\u00f3n.<\/p>\n<p><strong>Contenido no accesible<\/strong><\/p>\n<p>El contenido que se recoge a continuaci\u00f3n no es accesible por los siguientes motivos:<\/p>\n<ul>\n<li>Falta de conformidad:<\/li>\n<li>Pueden existir algunas im\u00e1genes cuya alternativa no est\u00e9 implementada o no sea correcta &#8211; \u2013 Requisito 9.1.1.1 Contenido no textual UNE-EN 301549:2022<\/li>\n<li>En los formularios, puede haber campos que no se hayan facilitado su rellenado a trav\u00e9s de sistemas autom\u00e1ticos \u2013 Requisito 9.1.3.5 Identificar el prop\u00f3sito de la entrada UNE-EN 301549:2022<\/li>\n<li>Puede haber elementos cuyo contraste no sea el suficiente en algunas p\u00e1ginas \u2013 Requisito 9.1.4.3 Contraste UNE-EN 301549:2020<\/li>\n<li>Puede haber campos de formulario donde su etiqueta no sea correcta o no exista \u2013 Requisito n\u00famero 9.3.3.2 Etiquetas o instrucciones de UNE-EN 301549:2022<\/li>\n<li>Pueden existir algunos errores de parseo en el c\u00f3digo &#8211; Requisito n\u00famero 9.4.1.1 Procesamiento de UNE-EN 301549:2022<\/li>\n<li>Podr\u00edan existir fallos puntuales de edici\u00f3n en alguna p\u00e1gina web.<\/li>\n<li>Carga desproporcionada: No resulta aplicable.<\/li>\n<li>El contenido no entra dentro del \u00e1mbito de la legislaci\u00f3n aplicable.<br>\nPodr\u00edan existir archivos ofim\u00e1ticos en PDF u otros formatos publicados antes del 20 de septiembre de 2018 que no cumplan en su totalidad todos los requisitos de accesibilidad.<br>\nPuede haber contenidos de terceros que no est\u00e9n desarrollados en esta Unidad, ni bajo su control, como archivos ofim\u00e1ticos de diferentes organismos que deban publicarse en este sitio.<\/li>\n<\/ul><div><br><\/div>\n<p><strong>Observaciones y datos de contacto<\/strong><\/p>\n<ul>\n<li>Puede realizar comunicaciones sobre requisitos de accesibilidad [art\u00edculo 10.2.a) del RD 1112\/2018] como, por ejemplo:<br>\nInformar sobre cualquier posible incumplimiento por parte de este sitio web.<\/li>\n<li>Transmitir otras dificultades de acceso al contenido.<\/li>\n<li>Formular cualquier otra consulta o sugerencia de mejora relativa a la accesibilidad del sitio web a trav\u00e9s del siguiente email&nbsp;<a href=\"mailto:victor@arkadia.cat\">victor@arkadia.cat<\/a>&nbsp;&nbsp;o llamando al tel\u00e9fono&nbsp;<b>+ (34) 93 457 32 67<\/b>&nbsp;de 9 a 14 horas de lunes a viernes.<\/li>\n<\/ul><div><br><\/div>\n<p><strong>Puede presentar:<\/strong><\/p>\n<ul>\n<li>Una queja relativa al cumplimiento de los requisitos del RD 1112\/2018<\/li>\n<li>Una solicitud de informaci\u00f3n accesible relativa a:\n<\/li><ul>\n<li>Contenidos que est\u00e1n excluidos del \u00e1mbito de aplicaci\u00f3n del RD 1112\/2018 seg\u00fan lo establecido por el art\u00edculo 3, apartado 4.<\/li>\n<li>Contenidos que est\u00e1n exentos del cumplimiento de los requisitos de accesibilidad por imponer una carga desproporcionada.<\/li>\n<\/ul>\n\n<\/ul><div><br><\/div>\n<p>En la solicitud de informaci\u00f3n accesible, se debe concretar, con toda claridad, los hechos, razones y petici\u00f3n que permitan constatar que se trata de una solicitud razonable y leg\u00edtima.<\/p>\t\t\t\t\t\t\t\t<\/div>\n\t\t\t\t<\/div>\n\t\t\t\t\t<\/div>\n\t\t<\/div>\n\t\t\t\t\t<\/div>\n\t\t<\/section>\n\t\t\t\t<\/div>\n\t\t","protected":false},"excerpt":{"rendered":"<p>Pol\u00edtica de accesibilidad La empresa Arkadia&nbsp;se ha comprometido a hacer accesible su sitio web de conformidad con el Real Decreto 1112\/2018, de 7 de septiembre, sobre accesibilidad de los sitios web y aplicaciones para dispositivos m\u00f3viles del sector p\u00fablico, o desarrollos financiados desde Europa. La presente declaraci\u00f3n de accesibilidad se aplica al sitio web&nbsp;https:\/\/www.arkadia.cat\/&nbsp;&nbsp;excluyendo los [&hellip;]<\/p>\n","protected":false},"author":2,"featured_media":0,"parent":0,"menu_order":0,"comment_status":"closed","ping_status":"closed","template":"","meta":{"footnotes":""},"class_list":["post-5712","page","type-page","status-publish","hentry"],"yoast_head":"<!-- This site is optimized with the Yoast SEO plugin v26.8 - https:\/\/yoast.com\/product\/yoast-seo-wordpress\/ -->\n<title>Pol\u00edtica de accesibilidad - ARKADIA<\/title>\n<meta name=\"robots\" content=\"index, follow, max-snippet:-1, max-image-preview:large, max-video-preview:-1\" \/>\n<link rel=\"canonical\" href=\"https:\/\/arkadia.cat\/es\/politica-de-accesibilidad\/\" \/>\n<meta property=\"og:locale\" content=\"es_ES\" \/>\n<meta property=\"og:type\" content=\"article\" \/>\n<meta property=\"og:title\" content=\"Pol\u00edtica de accesibilidad - ARKADIA\" \/>\n<meta property=\"og:description\" content=\"Pol\u00edtica de accesibilidad La empresa Arkadia&nbsp;se ha comprometido a hacer accesible su sitio web de conformidad con el Real Decreto 1112\/2018, de 7 de septiembre, sobre accesibilidad de los sitios web y aplicaciones para dispositivos m\u00f3viles del sector p\u00fablico, o desarrollos financiados desde Europa. La presente declaraci\u00f3n de accesibilidad se aplica al sitio web&nbsp;https:\/\/www.arkadia.cat\/&nbsp;&nbsp;excluyendo los [&hellip;]\" \/>\n<meta property=\"og:url\" content=\"https:\/\/arkadia.cat\/es\/politica-de-accesibilidad\/\" \/>\n<meta property=\"og:site_name\" content=\"ARKADIA\" \/>\n<meta property=\"article:modified_time\" content=\"2024-12-04T08:36:49+00:00\" \/>\n<meta name=\"twitter:card\" content=\"summary_large_image\" \/>\n<meta name=\"twitter:label1\" content=\"Tiempo de lectura\" \/>\n\t<meta name=\"twitter:data1\" content=\"3 minutos\" \/>\n<script type=\"application\/ld+json\" class=\"yoast-schema-graph\">{\"@context\":\"https:\/\/schema.org\",\"@graph\":[{\"@type\":\"WebPage\",\"@id\":\"https:\/\/arkadia.cat\/es\/politica-de-accesibilidad\/\",\"url\":\"https:\/\/arkadia.cat\/es\/politica-de-accesibilidad\/\",\"name\":\"Pol\u00edtica de accesibilidad - ARKADIA\",\"isPartOf\":{\"@id\":\"https:\/\/arkadia.cat\/#website\"},\"datePublished\":\"2024-11-26T13:07:03+00:00\",\"dateModified\":\"2024-12-04T08:36:49+00:00\",\"breadcrumb\":{\"@id\":\"https:\/\/arkadia.cat\/es\/politica-de-accesibilidad\/#breadcrumb\"},\"inLanguage\":\"es\",\"potentialAction\":[{\"@type\":\"ReadAction\",\"target\":[\"https:\/\/arkadia.cat\/es\/politica-de-accesibilidad\/\"]}]},{\"@type\":\"BreadcrumbList\",\"@id\":\"https:\/\/arkadia.cat\/es\/politica-de-accesibilidad\/#breadcrumb\",\"itemListElement\":[{\"@type\":\"ListItem\",\"position\":1,\"name\":\"Inici\",\"item\":\"https:\/\/arkadia.cat\/es\/\"},{\"@type\":\"ListItem\",\"position\":2,\"name\":\"Pol\u00edtica de accesibilidad\"}]},{\"@type\":\"WebSite\",\"@id\":\"https:\/\/arkadia.cat\/#website\",\"url\":\"https:\/\/arkadia.cat\/\",\"name\":\"ARKADIA\",\"description\":\"Natura, ovelles, gosses i pastores\",\"publisher\":{\"@id\":\"https:\/\/arkadia.cat\/#organization\"},\"potentialAction\":[{\"@type\":\"SearchAction\",\"target\":{\"@type\":\"EntryPoint\",\"urlTemplate\":\"https:\/\/arkadia.cat\/?s={search_term_string}\"},\"query-input\":{\"@type\":\"PropertyValueSpecification\",\"valueRequired\":true,\"valueName\":\"search_term_string\"}}],\"inLanguage\":\"es\"},{\"@type\":\"Organization\",\"@id\":\"https:\/\/arkadia.cat\/#organization\",\"name\":\"ARKADIA\",\"url\":\"https:\/\/arkadia.cat\/\",\"logo\":{\"@type\":\"ImageObject\",\"inLanguage\":\"es\",\"@id\":\"https:\/\/arkadia.cat\/#\/schema\/logo\/image\/\",\"url\":\"https:\/\/arkadia.cat\/wp-content\/uploads\/2021\/03\/cropped-cropped-Documento-sin-titulo-1_page-0001-1-5.jpg\",\"contentUrl\":\"https:\/\/arkadia.cat\/wp-content\/uploads\/2021\/03\/cropped-cropped-Documento-sin-titulo-1_page-0001-1-5.jpg\",\"width\":333,\"height\":301,\"caption\":\"ARKADIA\"},\"image\":{\"@id\":\"https:\/\/arkadia.cat\/#\/schema\/logo\/image\/\"}}]}<\/script>\n<!-- \/ Yoast SEO plugin. -->","yoast_head_json":{"title":"Pol\u00edtica de accesibilidad - ARKADIA","robots":{"index":"index","follow":"follow","max-snippet":"max-snippet:-1","max-image-preview":"max-image-preview:large","max-video-preview":"max-video-preview:-1"},"canonical":"https:\/\/arkadia.cat\/es\/politica-de-accesibilidad\/","og_locale":"es_ES","og_type":"article","og_title":"Pol\u00edtica de accesibilidad - ARKADIA","og_description":"Pol\u00edtica de accesibilidad La empresa Arkadia&nbsp;se ha comprometido a hacer accesible su sitio web de conformidad con el Real Decreto 1112\/2018, de 7 de septiembre, sobre accesibilidad de los sitios web y aplicaciones para dispositivos m\u00f3viles del sector p\u00fablico, o desarrollos financiados desde Europa. La presente declaraci\u00f3n de accesibilidad se aplica al sitio web&nbsp;https:\/\/www.arkadia.cat\/&nbsp;&nbsp;excluyendo los [&hellip;]","og_url":"https:\/\/arkadia.cat\/es\/politica-de-accesibilidad\/","og_site_name":"ARKADIA","article_modified_time":"2024-12-04T08:36:49+00:00","twitter_card":"summary_large_image","twitter_misc":{"Tiempo de lectura":"3 minutos"},"schema":{"@context":"https:\/\/schema.org","@graph":[{"@type":"WebPage","@id":"https:\/\/arkadia.cat\/es\/politica-de-accesibilidad\/","url":"https:\/\/arkadia.cat\/es\/politica-de-accesibilidad\/","name":"Pol\u00edtica de accesibilidad - ARKADIA","isPartOf":{"@id":"https:\/\/arkadia.cat\/#website"},"datePublished":"2024-11-26T13:07:03+00:00","dateModified":"2024-12-04T08:36:49+00:00","breadcrumb":{"@id":"https:\/\/arkadia.cat\/es\/politica-de-accesibilidad\/#breadcrumb"},"inLanguage":"es","potentialAction":[{"@type":"ReadAction","target":["https:\/\/arkadia.cat\/es\/politica-de-accesibilidad\/"]}]},{"@type":"BreadcrumbList","@id":"https:\/\/arkadia.cat\/es\/politica-de-accesibilidad\/#breadcrumb","itemListElement":[{"@type":"ListItem","position":1,"name":"Inici","item":"https:\/\/arkadia.cat\/es\/"},{"@type":"ListItem","position":2,"name":"Pol\u00edtica de accesibilidad"}]},{"@type":"WebSite","@id":"https:\/\/arkadia.cat\/#website","url":"https:\/\/arkadia.cat\/","name":"ARKADIA","description":"Natura, ovelles, gosses i pastores","publisher":{"@id":"https:\/\/arkadia.cat\/#organization"},"potentialAction":[{"@type":"SearchAction","target":{"@type":"EntryPoint","urlTemplate":"https:\/\/arkadia.cat\/?s={search_term_string}"},"query-input":{"@type":"PropertyValueSpecification","valueRequired":true,"valueName":"search_term_string"}}],"inLanguage":"es"},{"@type":"Organization","@id":"https:\/\/arkadia.cat\/#organization","name":"ARKADIA","url":"https:\/\/arkadia.cat\/","logo":{"@type":"ImageObject","inLanguage":"es","@id":"https:\/\/arkadia.cat\/#\/schema\/logo\/image\/","url":"https:\/\/arkadia.cat\/wp-content\/uploads\/2021\/03\/cropped-cropped-Documento-sin-titulo-1_page-0001-1-5.jpg","contentUrl":"https:\/\/arkadia.cat\/wp-content\/uploads\/2021\/03\/cropped-cropped-Documento-sin-titulo-1_page-0001-1-5.jpg","width":333,"height":301,"caption":"ARKADIA"},"image":{"@id":"https:\/\/arkadia.cat\/#\/schema\/logo\/image\/"}}]}},"_links":{"self":[{"href":"https:\/\/arkadia.cat\/es\/wp-json\/wp\/v2\/pages\/5712","targetHints":{"allow":["GET"]}}],"collection":[{"href":"https:\/\/arkadia.cat\/es\/wp-json\/wp\/v2\/pages"}],"about":[{"href":"https:\/\/arkadia.cat\/es\/wp-json\/wp\/v2\/types\/page"}],"author":[{"embeddable":true,"href":"https:\/\/arkadia.cat\/es\/wp-json\/wp\/v2\/users\/2"}],"replies":[{"embeddable":true,"href":"https:\/\/arkadia.cat\/es\/wp-json\/wp\/v2\/comments?post=5712"}],"version-history":[{"count":5,"href":"https:\/\/arkadia.cat\/es\/wp-json\/wp\/v2\/pages\/5712\/revisions"}],"predecessor-version":[{"id":6030,"href":"https:\/\/arkadia.cat\/es\/wp-json\/wp\/v2\/pages\/5712\/revisions\/6030"}],"wp:attachment":[{"href":"https:\/\/arkadia.cat\/es\/wp-json\/wp\/v2\/media?parent=5712"}],"curies":[{"name":"wp","href":"https:\/\/api.w.org\/{rel}","templated":true}]}}